{"id":5081,"date":"2023-07-28T14:42:23","date_gmt":"2023-07-28T12:42:23","guid":{"rendered":"https:\/\/www.corporeibiza.com\/?page_id=5081"},"modified":"2025-07-29T12:30:46","modified_gmt":"2025-07-29T10:30:46","slug":"nuevos-servicios","status":"publish","type":"page","link":"https:\/\/www.corporeibiza.com\/en\/nuevos-servicios\/","title":{"rendered":"Nuevos servicios"},"content":{"rendered":"<div class=\"wpb-content-wrapper\"><p>[vc_row type=&#8221;vc_default&#8221; full_width=&#8221;stretch_row_content_no_spaces&#8221; equal_height=&#8221;yes&#8221; el_class=&#8221;servicioright&#8221;][vc_column css=&#8221;.vc_custom_1698851364319{padding-top: 15% !important;padding-right: 5% !important;padding-bottom: 15% !important;padding-left: 15% !important;}&#8221;][vc_column_text el_class=&#8221;h1&#8243;]<\/p>\n<h2><span style=\"color: #008574;\">Radiograf\u00edas<\/span><\/h2>\n<p>[\/vc_column_text][vc_column_text]<small>SERVICIO DISPONIBLE EN LA CL\u00cdNICA DE SANTA EULALIA<\/small>[\/vc_column_text][vc_column_text css=&#8221;.vc_custom_1690554783764{padding-top: 40px !important;padding-right: 40px !important;padding-bottom: 40px !important;}&#8221;]Descubre nuestro revolucionario servicio de radiograf\u00edas en <a href=\"https:\/\/www.corporeibiza.com\/en\/clinics\/santa-eulalia\/\">Santa Eulalia<\/a> con tecnolog\u00eda de vanguardia. Nuestro equipo de expertos pod\u00f3logos, fisioterapeutas y oste\u00f3patas utilizar\u00e1n estas im\u00e1genes detalladas para identificar afecciones \u00f3seas y articulares, proporcionando un enfoque de tratamiento m\u00e1s efectivo y eficiente.<\/p>\n<p>Adem\u00e1s, con este nuevo servicio tambi\u00e9n tenemos la posibilidad de realizar <strong>radiotelemetr\u00edas<\/strong>. Estas son muy \u00fatiles si el pod\u00f3logo lo considera necesario para un diagn\u00f3stico m\u00e1s preciso en el caso de sospechar que haya una dismetr\u00eda de extremidades inferiores. Con esta informaci\u00f3n, el <a href=\"https:\/\/www.corporeibiza.com\/en\/podiatry\/\">estudio de la pisada<\/a> ser\u00e1 m\u00e1s completo y tus plantillas personalizadas m\u00e1s eficaces para mejor tu marcha y postura.[\/vc_column_text][vc_single_image image=&#8221;5395&#8243; css=&#8221;&#8221;][\/vc_column][\/vc_row][vc_row type=&#8221;vc_default&#8221; full_width=&#8221;stretch_row_content_no_spaces&#8221; equal_height=&#8221;yes&#8221; el_class=&#8221;servicioleft&#8221;][vc_column width=&#8221;1\/2&#8243; css=&#8221;.vc_custom_1700249239145{padding-top: 25% !important;padding-right: 20% !important;padding-bottom: 25% !important;padding-left: 20% !important;background-image: url(https:\/\/www.corporeibiza.com\/wp-content\/uploads\/2023\/11\/Ecografia.webp?id=5393) !important;background-position: center !important;background-repeat: no-repeat !important;background-size: cover !important;}&#8221;][\/vc_column][vc_column width=&#8221;1\/2&#8243; css=&#8221;.vc_custom_1698851390218{padding-top: 15% !important;padding-right: 5% !important;padding-left: 15% !important;}&#8221;][vc_column_text css=&#8221;.vc_custom_1698851565421{padding-top: 40px !important;}&#8221; el_class=&#8221;h1&#8243;]<\/p>\n<h2><span style=\"color: #008574;\">Ecograf\u00edas<\/span><\/h2>\n<p>[\/vc_column_text][vc_column_text]<small>SERVICIO DISPONIBLE EN LA CL\u00cdNICA DE SANTA EULALIA<\/small>[\/vc_column_text][vc_column_text css=&#8221;.vc_custom_1698702305957{padding-top: 40px !important;padding-right: 40px !important;padding-bottom: 40% !important;}&#8221;]Nuestros especialistas utilizan la \u00faltima tecnolog\u00eda en ecograf\u00eda para ofrecer tratamientos m\u00e1s efectivos. Tanto los pod\u00f3logos como los fisioterapeutas pueden aprovechar esta potente herramienta para evaluar estructuras musculoesquel\u00e9ticas y articulares en tiempo real. Si tienes alguna lesi\u00f3n o molestia, la ecograf\u00eda nos permite visualizar detalladamente la zona afectada, lo que facilita una planificaci\u00f3n de tratamiento espec\u00edfica para tus necesidades. Adem\u00e1s, nuestros pod\u00f3logos pueden realizar infiltraciones guiadas por ecograf\u00eda, asegurando una mayor precisi\u00f3n y eficacia en el proceso.[\/vc_column_text][\/vc_column][\/vc_row][vc_row type=&#8221;vc_default&#8221; full_width=&#8221;stretch_row_content_no_spaces&#8221; equal_height=&#8221;yes&#8221; el_id=&#8221;diatermia&#8221; el_class=&#8221;servicioright&#8221;][vc_column width=&#8221;1\/2&#8243; css=&#8221;.vc_custom_1698851252259{padding-top: 20% !important;padding-right: 5% !important;padding-bottom: 20% !important;padding-left: 15% !important;}&#8221;][vc_column_text el_class=&#8221;h1&#8243;]<\/p>\n<h2><span style=\"color: #008574;\">Tecarterapia \/ Diatermia<\/span><\/h2>\n<p>[\/vc_column_text][vc_column_text]<small>SERVICIO DISPONIBLE EN LA CL\u00cdNICA DE SANTA EULALIA<\/small>[\/vc_column_text][vc_column_text css=&#8221;.vc_custom_1698865288388{padding-top: 40px !important;padding-right: 40px !important;padding-bottom: 40px !important;}&#8221;]La diatermia es una t\u00e9cnica terap\u00e9utica que se ha convertido en una herramienta esencial tanto en el campo de la fisioterapia como en la podolog\u00eda. A trav\u00e9s de corrientes el\u00e9ctricas de alta frecuencia, la diatermia genera calor en los tejidos profundos del cuerpo, lo que desencadena respuestas fisiol\u00f3gicas beneficiosas como la estimulaci\u00f3n de la circulaci\u00f3n y la regeneraci\u00f3n celular.<\/p>\n<p>Se utiliza para reducir el dolor, mejorar la circulaci\u00f3n, acelerar la recuperaci\u00f3n y tratar afecciones musculoesquel\u00e9ticas como artritis, lesiones deportivas y problemas de espalda. Adem\u00e1s, mejora la cicatrizaci\u00f3n y es muy \u00fatil en la <a href=\"https:\/\/www.corporeibiza.com\/fisioterapia-del-suelo-pelvico\/\">fisioterapia del suelo p\u00e9lvico<\/a>. Tambi\u00e9n alivia el dolor en afecciones podol\u00f3gicas como las fasciopatias. Esta versatilidad hace que la diatermia sea una aliada invaluable en la promoci\u00f3n del bienestar y la salud en ambas disciplinas.[\/vc_column_text][\/vc_column][vc_column width=&#8221;1\/2&#8243; css=&#8221;.vc_custom_1700249172512{padding-top: 25% !important;padding-right: 20% !important;padding-bottom: 25% !important;padding-left: 20% !important;background-image: url(https:\/\/www.corporeibiza.com\/wp-content\/uploads\/2023\/10\/Diatermia-Tecarterapia-2.png?id=5380) !important;background-position: center !important;background-repeat: no-repeat !important;background-size: cover !important;}&#8221;][\/vc_column][\/vc_row][vc_row type=&#8221;vc_default&#8221; full_width=&#8221;stretch_row_content_no_spaces&#8221; equal_height=&#8221;yes&#8221; el_class=&#8221;servicioleft&#8221;][vc_column width=&#8221;1\/2&#8243; css=&#8221;.vc_custom_1700249264726{padding-top: 25% !important;padding-right: 20% !important;padding-bottom: 25% !important;padding-left: 20% !important;background-image: url(https:\/\/www.corporeibiza.com\/wp-content\/uploads\/2023\/10\/Ondas-de-choque.png?id=5378) !important;background-position: center !important;background-repeat: no-repeat !important;background-size: cover !important;}&#8221;][\/vc_column][vc_column width=&#8221;1\/2&#8243; css=&#8221;.vc_custom_1698851423011{padding-top: 15% !important;padding-right: 5% !important;padding-left: 15% !important;}&#8221;][vc_column_text css=&#8221;.vc_custom_1698851585898{padding-top: 40px !important;}&#8221; el_class=&#8221;h1&#8243;]<\/p>\n<h2><span style=\"color: #008574;\">Ondas de Choque<\/span><\/h2>\n<p>[\/vc_column_text][vc_column_text]<small>SERVICIO DISPONIBLE EN LA CL\u00cdNICA DE SANTA EULALIA<\/small>[\/vc_column_text][vc_column_text css=&#8221;.vc_custom_1698851922609{padding-top: 40px !important;padding-right: 40px !important;padding-bottom: 40% !important;}&#8221;]Las ondas de choque son una terapia revolucionaria que ha ganado reconocimiento tanto en el campo de la fisioterapia como en la podolog\u00eda. Esta t\u00e9cnica utiliza ondas ac\u00fasticas de alta energ\u00eda para estimular la regeneraci\u00f3n de tejidos y promover la curaci\u00f3n en diferentes afecciones.<\/p>\n<p>En fisioterapia, las ondas de choque se emplean para aliviar el dolor, acelerar la recuperaci\u00f3n y mejorar la movilidad en lesiones musculares, tendinopat\u00edas, y trastornos musculoesquel\u00e9ticos. En podolog\u00eda, esta terapia se utiliza para tratar espolones calc\u00e1neos, fasciopatias y otras afecciones del pie, aliviando el dolor y estimulando la curaci\u00f3n. La versatilidad de las ondas de choque las convierte en una herramienta esencial para mejorar la calidad de vida y bienestar en ambas disciplinas. Si deseas explorar c\u00f3mo nuestras ondas de choque de <a href=\"https:\/\/www.storzmedical.com\/es\/especialidad\/productos-de-eswt-para-trastornos-del-aparato-locomotor\/masterpuls-one\" target=\"_blank\" rel=\"noopener\">Storz Medical<\/a> pueden beneficiarte, no dudes en contactarnos para programar una consulta.[\/vc_column_text][\/vc_column][\/vc_row][vc_row type=&#8221;vc_default&#8221; full_width=&#8221;stretch_row_content_no_spaces&#8221; equal_height=&#8221;yes&#8221; el_class=&#8221;servicioright&#8221;][vc_column width=&#8221;1\/2&#8243; css=&#8221;.vc_custom_1698702128421{padding-top: 15% !important;padding-right: 5% !important;padding-bottom: 15% !important;padding-left: 15% !important;}&#8221;][vc_column_text el_class=&#8221;h1&#8243;]<\/p>\n<h2><span style=\"color: #008574;\">Magnetoterapia<\/span><\/h2>\n<p>[\/vc_column_text][vc_column_text]<small>SERVICIO DISPONIBLE EN LA CL\u00cdNICA DE SANTA EULALIA Y SAN ANTONIO<\/small>[\/vc_column_text][vc_column_text css=&#8221;.vc_custom_1690549374121{padding-top: 40px !important;padding-right: 40px !important;padding-bottom: 40px !important;}&#8221;]La magnetoterapia ayuda a acelerar la recuperaci\u00f3n de fracturas y promover la regeneraci\u00f3n \u00f3sea de manera natural. Este avanzado dispositivo utiliza campos magn\u00e9ticos de baja frecuencia para estimular el proceso de curaci\u00f3n en \u00e1reas afectadas por fracturas. Cuando se aplica la magnetoterapia en la zona de la lesi\u00f3n, se mejora la circulaci\u00f3n sangu\u00ednea y se incrementa el suministro de ox\u00edgeno y nutrientes a los tejidos da\u00f1ados, lo que acelera la formaci\u00f3n de callo \u00f3seo y favorece la consolidaci\u00f3n de la fractura.<\/p>\n<p>Nuestra m\u00e1quina de magnetoterapia es segura, no invasiva y completamente indolora, lo que la convierte en una opci\u00f3n ideal para pacientes de todas las edades. Adem\u00e1s de su eficacia en el tratamiento de fracturas, la magnetoterapia tambi\u00e9n puede reducir la inflamaci\u00f3n y aliviar el dolor asociado con las lesiones \u00f3seas. Es una terapia complementaria que potencia los resultados de otros tratamientos m\u00e9dicos y rehabilitaci\u00f3n.[\/vc_column_text][\/vc_column][vc_column width=&#8221;1\/2&#8243; css=&#8221;.vc_custom_1700249285807{padding-top: 25% !important;padding-right: 20% !important;padding-bottom: 25% !important;padding-left: 20% !important;background-image: url(https:\/\/www.corporeibiza.com\/wp-content\/uploads\/2023\/07\/Magnetoterapia.jpeg?id=5109) !important;background-position: center !important;background-repeat: no-repeat !important;background-size: cover !important;}&#8221;][\/vc_column][\/vc_row][vc_row type=&#8221;vc_default&#8221; full_width=&#8221;stretch_row&#8221; bg_type=&#8221;bg_color&#8221; bg_color_value=&#8221;#008574&#8243;][vc_column]<div id=\"ultib3-236980796069e1d9cc1b8a9\" class=\" vc_custom_1690550686880 ultb3-box ult-adjust-bottom-margin  \" style=\"background-color: #008574;\"><div id=\"Info-banner-wrap1268\" class=\"ultb3-info ib3-info-center\" data-animation=\"fadeIn\" data-animation-delay=\"03\"><div class=\"ultb3-title ult-responsive\"  data-ultimate-target='#Info-banner-wrap1268 .ultb3-title'  data-responsive-json-new='{\"font-size\":\"desktop:20px;\",\"line-height\":\"\"}'  style=\"font-family:Montserrat;font-weight:normal;color:#ffffff;\">Nuestra meta es dar un tratamiento adaptado a cada persona para conseguir as\u00ed nuestro principal objetivo<\/div><div class=\"ultb3-desc ult-responsive\"  data-ultimate-target='#Info-banner-wrap1268 .ultb3-desc'  data-responsive-json-new='{\"font-size\":\"desktop:40px;\",\"line-height\":\"desktop:70px;\"}'  style=\"font-family:Montserrat;font-weight:normal;color:#ffffff;\">\u00a1MEJORAR TU SALUD!<\/div><a href=\"https:\/\/www.corporeibiza.com\/citas\/\" title=\"Cita\"  class=\"ultb3-btn ult-responsive\"  data-ultimate-target='#Info-banner-wrap1268 .ultb3-btn'  data-responsive-json-new='{\"font-size\":\"\",\"line-height\":\"\"}'  style=\"font-weight:normal;\">Pide una cita<i class=\"Defaults-angle-right\"><\/i><\/a><\/div><\/div><style>\n\t\t\t\t\t#ultib3-236980796069e1d9cc1b8a9 {\n\t\t\t\t\t\tmin-height:50px;\n\t\t\t\t\t}\n\t\t\t\t\t#ultib3-236980796069e1d9cc1b8a9 img.ultb3-img {\n\t\t\t\t\t\theight: px;\n\t\t\t\t\t}\n\t\t\t\t\t#ultib3-236980796069e1d9cc1b8a9 .ultb3-btn {\n\t\t\t\t\t\tborder:2px solid #ffffff;border-radius:50px;color:#ffffff;\n\t\t\t\t\t}\n\t\t\t\t\t#ultib3-236980796069e1d9cc1b8a9 .ultb3-btn:hover {\n\t\t\t\t\t\tbackground:#ffffff;color:#000000;\n\t\t\t\t\t}\n\t\t\t\t<\/style>[\/vc_column][\/vc_row]<\/p>\n<\/div>","protected":false},"excerpt":{"rendered":"<p>[vc_row type=&#8221;vc_default&#8221; full_width=&#8221;stretch_row_content_no_spaces&#8221; equal_height=&#8221;yes&#8221; el_class=&#8221;servicioright&#8221;][vc_column css=&#8221;.vc_custom_1698851364319{padding-top: 15% !important;padding-right: 5% !important;padding-bottom: 15% !important;padding-left: 15% !important;}&#8221;][vc_column_text el_class=&#8221;h1&#8243;] Radiograf\u00edas [\/vc_column_text][vc_column_text]SERVICIO DISPONIBLE EN LA CL\u00cdNICA DE SANTA EULALIA[\/vc_column_text][vc_column_text css=&#8221;.vc_custom_1690554783764{padding-top: 40px !important;padding-right: 40px !important;padding-bottom: 40px !important;}&#8221;]Descubre nuestro revolucionario servicio de radiograf\u00edas en Santa Eulalia con tecnolog\u00eda de vanguardia. Nuestro equipo de expertos pod\u00f3logos, fisioterapeutas y oste\u00f3patas utilizar\u00e1n estas im\u00e1genes detalladas&hellip;<\/p>\n","protected":false},"author":2,"featured_media":0,"parent":0,"menu_order":0,"comment_status":"closed","ping_status":"closed","template":"","meta":{"footnotes":""},"class_list":["post-5081","page","type-page","status-publish","hentry","description-off"],"yoast_head":"<!-- This site is optimized with the Yoast SEO plugin v25.3.1 - https:\/\/yoast.com\/wordpress\/plugins\/seo\/ -->\n<title>Nuevos servicios - Corpore Ibiza<\/title>\n<meta name=\"robots\" content=\"index, follow, max-snippet:-1, max-image-preview:large, max-video-preview:-1\" \/>\n<link rel=\"canonical\" href=\"https:\/\/www.corporeibiza.com\/en\/nuevos-servicios\/\" \/>\n<meta property=\"og:locale\" content=\"en_US\" \/>\n<meta property=\"og:type\" content=\"article\" \/>\n<meta property=\"og:title\" content=\"Nuevos servicios - Corpore Ibiza\" \/>\n<meta property=\"og:description\" content=\"[vc_row type=&#8221;vc_default&#8221; full_width=&#8221;stretch_row_content_no_spaces&#8221; equal_height=&#8221;yes&#8221; el_class=&#8221;servicioright&#8221;][vc_column css=&#8221;.vc_custom_1698851364319{padding-top: 15% !important;padding-right: 5% !important;padding-bottom: 15% !important;padding-left: 15% !important;}&#8221;][vc_column_text el_class=&#8221;h1&#8243;] Radiograf\u00edas [\/vc_column_text][vc_column_text]SERVICIO DISPONIBLE EN LA CL\u00cdNICA DE SANTA EULALIA[\/vc_column_text][vc_column_text css=&#8221;.vc_custom_1690554783764{padding-top: 40px !important;padding-right: 40px !important;padding-bottom: 40px !important;}&#8221;]Descubre nuestro revolucionario servicio de radiograf\u00edas en Santa Eulalia con tecnolog\u00eda de vanguardia. Nuestro equipo de expertos pod\u00f3logos, fisioterapeutas y oste\u00f3patas utilizar\u00e1n estas im\u00e1genes detalladas&hellip;\" \/>\n<meta property=\"og:url\" content=\"https:\/\/www.corporeibiza.com\/en\/nuevos-servicios\/\" \/>\n<meta property=\"og:site_name\" content=\"Corpore Ibiza\" \/>\n<meta property=\"article:modified_time\" content=\"2025-07-29T10:30:46+00:00\" \/>\n<meta property=\"og:image\" content=\"https:\/\/www.corporeibiza.com\/wp-content\/uploads\/2022\/05\/CORPORE_logo-fondo-transparente-e1651773518863.png\" \/>\n\t<meta property=\"og:image:width\" content=\"200\" \/>\n\t<meta property=\"og:image:height\" content=\"87\" \/>\n\t<meta property=\"og:image:type\" content=\"image\/png\" \/>\n<meta name=\"twitter:card\" content=\"summary_large_image\" \/>\n<meta name=\"twitter:label1\" content=\"Est. reading time\" \/>\n\t<meta name=\"twitter:data1\" content=\"5 minutes\" \/>\n<script type=\"application\/ld+json\" class=\"yoast-schema-graph\">{\"@context\":\"https:\/\/schema.org\",\"@graph\":[{\"@type\":\"WebPage\",\"@id\":\"https:\/\/www.corporeibiza.com\/en\/nuevos-servicios\/\",\"url\":\"https:\/\/www.corporeibiza.com\/en\/nuevos-servicios\/\",\"name\":\"Nuevos servicios - Corpore Ibiza\",\"isPartOf\":{\"@id\":\"https:\/\/www.corporeibiza.com\/#website\"},\"datePublished\":\"2023-07-28T12:42:23+00:00\",\"dateModified\":\"2025-07-29T10:30:46+00:00\",\"breadcrumb\":{\"@id\":\"https:\/\/www.corporeibiza.com\/en\/nuevos-servicios\/#breadcrumb\"},\"inLanguage\":\"en-US\",\"potentialAction\":[{\"@type\":\"ReadAction\",\"target\":[\"https:\/\/www.corporeibiza.com\/en\/nuevos-servicios\/\"]}]},{\"@type\":\"BreadcrumbList\",\"@id\":\"https:\/\/www.corporeibiza.com\/en\/nuevos-servicios\/#breadcrumb\",\"itemListElement\":[{\"@type\":\"ListItem\",\"position\":1,\"name\":\"Portada\",\"item\":\"https:\/\/www.corporeibiza.com\/en\/\"},{\"@type\":\"ListItem\",\"position\":2,\"name\":\"Nuevos servicios\"}]},{\"@type\":\"WebSite\",\"@id\":\"https:\/\/www.corporeibiza.com\/#website\",\"url\":\"https:\/\/www.corporeibiza.com\/\",\"name\":\"Corpore Ibiza\",\"description\":\"\",\"potentialAction\":[{\"@type\":\"SearchAction\",\"target\":{\"@type\":\"EntryPoint\",\"urlTemplate\":\"https:\/\/www.corporeibiza.com\/?s={search_term_string}\"},\"query-input\":{\"@type\":\"PropertyValueSpecification\",\"valueRequired\":true,\"valueName\":\"search_term_string\"}}],\"inLanguage\":\"en-US\"},{\"@type\":\"Person\",\"@id\":\"https:\/\/www.corporeibiza.com\/#\/schema\/person\/98cfeb99e8b99b859c78a18abc100155\",\"name\":\"Lisa Llorens\",\"image\":{\"@type\":\"ImageObject\",\"inLanguage\":\"en-US\",\"@id\":\"https:\/\/www.corporeibiza.com\/#\/schema\/person\/image\/\",\"url\":\"https:\/\/secure.gravatar.com\/avatar\/ace91d3ca1d10aeec9dfdde4bfc420299e5a23bcb524ea3e42765ba1141a081f?s=96&d=mm&r=g\",\"contentUrl\":\"https:\/\/secure.gravatar.com\/avatar\/ace91d3ca1d10aeec9dfdde4bfc420299e5a23bcb524ea3e42765ba1141a081f?s=96&d=mm&r=g\",\"caption\":\"Lisa Llorens\"},\"url\":\"https:\/\/www.corporeibiza.com\/en\/author\/lisa\/\"}]}<\/script>\n<!-- \/ Yoast SEO plugin. -->","yoast_head_json":{"title":"Nuevos servicios - Corpore Ibiza","robots":{"index":"index","follow":"follow","max-snippet":"max-snippet:-1","max-image-preview":"max-image-preview:large","max-video-preview":"max-video-preview:-1"},"canonical":"https:\/\/www.corporeibiza.com\/en\/nuevos-servicios\/","og_locale":"en_US","og_type":"article","og_title":"Nuevos servicios - Corpore Ibiza","og_description":"[vc_row type=&#8221;vc_default&#8221; full_width=&#8221;stretch_row_content_no_spaces&#8221; equal_height=&#8221;yes&#8221; el_class=&#8221;servicioright&#8221;][vc_column css=&#8221;.vc_custom_1698851364319{padding-top: 15% !important;padding-right: 5% !important;padding-bottom: 15% !important;padding-left: 15% !important;}&#8221;][vc_column_text el_class=&#8221;h1&#8243;] Radiograf\u00edas [\/vc_column_text][vc_column_text]SERVICIO DISPONIBLE EN LA CL\u00cdNICA DE SANTA EULALIA[\/vc_column_text][vc_column_text css=&#8221;.vc_custom_1690554783764{padding-top: 40px !important;padding-right: 40px !important;padding-bottom: 40px !important;}&#8221;]Descubre nuestro revolucionario servicio de radiograf\u00edas en Santa Eulalia con tecnolog\u00eda de vanguardia. Nuestro equipo de expertos pod\u00f3logos, fisioterapeutas y oste\u00f3patas utilizar\u00e1n estas im\u00e1genes detalladas&hellip;","og_url":"https:\/\/www.corporeibiza.com\/en\/nuevos-servicios\/","og_site_name":"Corpore Ibiza","article_modified_time":"2025-07-29T10:30:46+00:00","og_image":[{"width":200,"height":87,"url":"https:\/\/www.corporeibiza.com\/wp-content\/uploads\/2022\/05\/CORPORE_logo-fondo-transparente-e1651773518863.png","type":"image\/png"}],"twitter_card":"summary_large_image","twitter_misc":{"Est. reading time":"5 minutes"},"schema":{"@context":"https:\/\/schema.org","@graph":[{"@type":"WebPage","@id":"https:\/\/www.corporeibiza.com\/en\/nuevos-servicios\/","url":"https:\/\/www.corporeibiza.com\/en\/nuevos-servicios\/","name":"Nuevos servicios - Corpore Ibiza","isPartOf":{"@id":"https:\/\/www.corporeibiza.com\/#website"},"datePublished":"2023-07-28T12:42:23+00:00","dateModified":"2025-07-29T10:30:46+00:00","breadcrumb":{"@id":"https:\/\/www.corporeibiza.com\/en\/nuevos-servicios\/#breadcrumb"},"inLanguage":"en-US","potentialAction":[{"@type":"ReadAction","target":["https:\/\/www.corporeibiza.com\/en\/nuevos-servicios\/"]}]},{"@type":"BreadcrumbList","@id":"https:\/\/www.corporeibiza.com\/en\/nuevos-servicios\/#breadcrumb","itemListElement":[{"@type":"ListItem","position":1,"name":"Portada","item":"https:\/\/www.corporeibiza.com\/en\/"},{"@type":"ListItem","position":2,"name":"Nuevos servicios"}]},{"@type":"WebSite","@id":"https:\/\/www.corporeibiza.com\/#website","url":"https:\/\/www.corporeibiza.com\/","name":"Corpore Ibiza","description":"","potentialAction":[{"@type":"SearchAction","target":{"@type":"EntryPoint","urlTemplate":"https:\/\/www.corporeibiza.com\/?s={search_term_string}"},"query-input":{"@type":"PropertyValueSpecification","valueRequired":true,"valueName":"search_term_string"}}],"inLanguage":"en-US"},{"@type":"Person","@id":"https:\/\/www.corporeibiza.com\/#\/schema\/person\/98cfeb99e8b99b859c78a18abc100155","name":"Lisa Llorens","image":{"@type":"ImageObject","inLanguage":"en-US","@id":"https:\/\/www.corporeibiza.com\/#\/schema\/person\/image\/","url":"https:\/\/secure.gravatar.com\/avatar\/ace91d3ca1d10aeec9dfdde4bfc420299e5a23bcb524ea3e42765ba1141a081f?s=96&d=mm&r=g","contentUrl":"https:\/\/secure.gravatar.com\/avatar\/ace91d3ca1d10aeec9dfdde4bfc420299e5a23bcb524ea3e42765ba1141a081f?s=96&d=mm&r=g","caption":"Lisa Llorens"},"url":"https:\/\/www.corporeibiza.com\/en\/author\/lisa\/"}]}},"_links":{"self":[{"href":"https:\/\/www.corporeibiza.com\/en\/wp-json\/wp\/v2\/pages\/5081","targetHints":{"allow":["GET"]}}],"collection":[{"href":"https:\/\/www.corporeibiza.com\/en\/wp-json\/wp\/v2\/pages"}],"about":[{"href":"https:\/\/www.corporeibiza.com\/en\/wp-json\/wp\/v2\/types\/page"}],"author":[{"embeddable":true,"href":"https:\/\/www.corporeibiza.com\/en\/wp-json\/wp\/v2\/users\/2"}],"replies":[{"embeddable":true,"href":"https:\/\/www.corporeibiza.com\/en\/wp-json\/wp\/v2\/comments?post=5081"}],"version-history":[{"count":1,"href":"https:\/\/www.corporeibiza.com\/en\/wp-json\/wp\/v2\/pages\/5081\/revisions"}],"predecessor-version":[{"id":7006,"href":"https:\/\/www.corporeibiza.com\/en\/wp-json\/wp\/v2\/pages\/5081\/revisions\/7006"}],"wp:attachment":[{"href":"https:\/\/www.corporeibiza.com\/en\/wp-json\/wp\/v2\/media?parent=5081"}],"curies":[{"name":"wp","href":"https:\/\/api.w.org\/{rel}","templated":true}]}}