{"id":1302,"date":"2017-10-24T18:25:42","date_gmt":"2017-10-24T16:25:42","guid":{"rendered":"https:\/\/www.corporeibiza.com\/aviso-legal\/"},"modified":"2020-08-03T16:45:57","modified_gmt":"2020-08-03T14:45:57","slug":"legal-notice","status":"publish","type":"page","link":"https:\/\/www.corporeibiza.com\/en\/legal-notice\/","title":{"rendered":"Legal notice"},"content":{"rendered":"<div class=\"wpb-content-wrapper\"><p>[vc_row][vc_column width=&#8221;5\/6&#8243;][vc_column_text]<strong>OBJETO:<\/strong><br \/>\nLa presente p\u00e1gina Web ha sido dise\u00f1ada para dar a conocer los servicios ofertados por la entidad &#8220;Llorens y Laguna C.B.&#8221;, CIF E-57655037, Paseo de la Paz, n\u00ba 4, de Santa Eulalia del Rio, provincia de Baleares, con C\u00f3digo Postal 07840, Espa\u00f1a; as\u00ed como para la recepci\u00f3n de posibles clientes, contactos comerciales y demandas de empleo.<\/p>\n<p><strong>PROPIEDAD INTELECTUAL E INDUSTRIAL:<\/strong><br \/>\nLos derechos de propiedad intelectual de la p\u00e1gina www.corporeibiza.com, su c\u00f3digo fuente, dise\u00f1o, estructuras de navegaci\u00f3n y los distintos elementos en ella contenidos son titularidad de &#8220;Llorens y Laguna C.B.&#8221;, a quien corresponde el ejercicio exclusivo de los derechos de explotaci\u00f3n de los mismos en cualquier forma y, en especial, los derechos de reproducci\u00f3n, distribuci\u00f3n, comunicaci\u00f3n p\u00fablica y transformaci\u00f3n, de acuerdo con la legislaci\u00f3n espa\u00f1ola y de la uni\u00f3n europea aplicable.<\/p>\n<p>El portal de &#8220;Llorens y Laguna C.B.&#8221;, las p\u00e1ginas que comprende y la informaci\u00f3n o elementos contenidos en las mismas, incluyen textos, documentos, fotograf\u00edas, dibujos, representaciones gr\u00e1ficas, programas inform\u00e1ticos, as\u00ed como logotipos, marcas, nombres comerciales, u otros signos distintivos, protegidos por derechos de propiedad intelectual o industrial, de los que &#8221; Llorens y Laguna C.B.&#8221; son titulares o leg\u00edtimas licenciatarias.<\/p>\n<p><strong>CONTENIDOS:<\/strong><br \/>\nSe facilita a trav\u00e9s de esta Web informaci\u00f3n acerca de servicios destinados a conocimiento p\u00fablico que en todo caso se sujetar\u00e1n a los t\u00e9rminos y condiciones expresamente detallados en cada momento y que son accesibles desde esta p\u00e1gina Web, los cuales se sujetar\u00e1n a las distintas disposiciones legales de aplicaci\u00f3n.<\/p>\n<p><strong>ACCESO Y USO:<\/strong><br \/>\nTanto el acceso a esta p\u00e1gina Web, como el uso que pueda hacerse de la informaci\u00f3n y contenidos incluidos en la misma, ser\u00e1 de la exclusiva responsabilidad de quien lo realice.<\/p>\n<p>Las condiciones de acceso a este Web estar\u00e1n supeditadas a la legalidad vigente y los principios de la buena fe y uso l\u00edcito por parte del usuario de la misma, quedando prohibido con car\u00e1cter general cualquier tipo de actuaci\u00f3n en perjuicio de &#8221; Llorens y Laguna C.B.&#8221;.<\/p>\n<p>Se considerar\u00e1 terminantemente prohibido el uso de la presente p\u00e1gina Web con fines ilegales o no autorizados.<\/p>\n<p>Queda prohibida cualquier modalidad de explotaci\u00f3n, incluyendo todo tipo de reproducci\u00f3n, distribuci\u00f3n, cesi\u00f3n a terceros, comunicaci\u00f3n p\u00fablica y transformaci\u00f3n, mediante cualquier tipo de soporte y medio, de las obras antes referidas, creaciones y signos distintivos sin autorizaci\u00f3n previa y expresa de sus respectivos titulares. El incumplimiento de esta prohibici\u00f3n podr\u00e1 constituir infracci\u00f3n sancionable por la legislaci\u00f3n vigente.<\/p>\n<p>No obstante, por su cuenta y riesgo, el usuario podr\u00e1 descargar o realizar copia de tales elementos exclusivamente para su uso personal, siempre que no infrinja ninguno de los derechos de propiedad intelectual o industrial de &#8221; Llorens y Laguna C.B.&#8221;, ni los altere total o parcialmente. En ning\u00fan caso, ello significar\u00e1 una autorizaci\u00f3n o licencia sobre los derechos de propiedad de &#8221; Llorens y Laguna C.B.&#8221;.<\/p>\n<p>Queda prohibido, salvo en los casos que expresamente lo autorice &#8220;Llorens y Laguna C.B.&#8221;, presentar las p\u00e1ginas de &#8221; Llorens y Laguna C.B.&#8221;, o la informaci\u00f3n contenida en ellas bajo frames o marcos, signos distintivos, marcas o denominaciones sociales o comerciales de otra persona, empresa o entidad.<\/p>\n<p><strong>RESPONSABILIDAD:<\/strong><br \/>\n&#8221; Llorens y Laguna C.B.&#8221; no se hace responsable bajo ning\u00fan concepto por ning\u00fan tipo de da\u00f1o que pudiesen ocasionar los Usuarios a la presente p\u00e1gina Web, o a cualquier otra, por el uso ilegal o indebido de la misma, o de los contenidos e informaciones accesibles o facilitadas a trav\u00e9s de ella.<\/p>\n<p><strong>SERVICIO: <\/strong><br \/>\n&#8221; Llorens y Laguna C.B.&#8221; se reserva el derecho de suspender el acceso a su p\u00e1gina Web, sin previo aviso, de forma discrecional y temporal, por razones t\u00e9cnicas o de cualquier otra \u00edndole, pudiendo asimismo modificar unilateralmente tanto las condiciones de acceso, como la totalidad o parte de los contenidos en ella incluidos.<\/p>\n<p><strong>GENERALES:<\/strong><br \/>\nPara toda cuesti\u00f3n litigiosa o que incumba a la P\u00e1gina Web de &#8220;Llorens y Laguna C.B.&#8221;, ser\u00e1 de aplicaci\u00f3n la legislaci\u00f3n espa\u00f1ola, siendo competentes para la resoluci\u00f3n de todos los conflictos derivados o relacionados con el uso de esta p\u00e1gina Web, los Juzgados y Tribunales del domicilio del usuario. El acceso a la p\u00e1gina Web de &#8220;Llorens y Laguna C.B.&#8221; implica la aceptaci\u00f3n de todas las condiciones anteriormente expresadas.<\/p>\n<p><strong>HIPERENLACES:<\/strong><br \/>\nLos hiperenlaces contenidos en el sitio Web de &#8220;Llorens y Laguna C.B.&#8221; pueden dirigir a p\u00e1ginas Web de terceros. &#8220;Llorens y Laguna C.B.&#8221; no asume ninguna responsabilidad por el contenido, informaciones o servicios que pudieran aparecer en dichos sitios, que tendr\u00e1n exclusivamente car\u00e1cter informativo y que en ning\u00fan caso implican relaci\u00f3n alguna entre &#8220;Llorens y Laguna C.B.&#8221; y a las personas o entidades titulares de tales contenidos o titulares de los sitios donde se encuentren.<\/p>\n<p><strong>USO DE COOKIES:<\/strong><br \/>\n&#8220;Llorens y Laguna C.B.&#8221; puede utilizar cookies cuando un Usuario navegue por las p\u00e1ginas web del Portal. Las cookies se asocian \u00fanicamente con el navegador de un ordenador determinado (un Usuario an\u00f3nimo), y no proporcionan por s\u00ed mismas el nombre y apellidos del Usuario. Gracias a las cookies, resulta posible que &#8220;Llorens y Laguna C.B.&#8221; reconozca las preferencias sobre los contenidos del Portal seleccionados en visitas anteriores por los Usuarios, para poder recordar sus preferencias sin que tengan que volver a seleccionarlas en visitas posteriores.<\/p>\n<p>El Usuario tiene la posibilidad de configurar su navegador para ser avisado en pantalla de la recepci\u00f3n de cookies y para impedir la instalaci\u00f3n de cookies en su disco duro.<\/p>\n<p>Por favor, consulte las instrucciones y manuales de su navegador para ampliar esta informaci\u00f3n. Para utilizar el Portal, no resulta necesario que el Usuario permita la instalaci\u00f3n de las cookies enviadas por &#8220;Llorens y Laguna C.B.&#8221;, sin perjuicio de que, en tal caso, sea necesario que el Usuario tenga que realizar esta selecci\u00f3n en cada ocasi\u00f3n que visite el Portal.[\/vc_column_text][\/vc_column][vc_column width=&#8221;1\/6&#8243;][\/vc_column][\/vc_row]<\/p>\n<\/div>","protected":false},"excerpt":{"rendered":"<p>[vc_row][vc_column width=&#8221;5\/6&#8243;][vc_column_text]OBJETO: La presente p\u00e1gina Web ha sido dise\u00f1ada para dar a conocer los servicios ofertados por la entidad &#8220;Llorens y Laguna C.B.&#8221;, CIF E-57655037, Paseo de la Paz, n\u00ba 4, de Santa Eulalia del Rio, provincia de Baleares, con C\u00f3digo Postal 07840, Espa\u00f1a; as\u00ed como para la recepci\u00f3n de posibles clientes, contactos comerciales y&hellip;<\/p>\n","protected":false},"author":1,"featured_media":0,"parent":0,"menu_order":0,"comment_status":"closed","ping_status":"closed","template":"","meta":{"footnotes":""},"class_list":["post-1302","page","type-page","status-publish","hentry","description-off"],"yoast_head":"<!-- This site is optimized with the Yoast SEO plugin v27.5 - https:\/\/yoast.com\/product\/yoast-seo-wordpress\/ -->\n<title>Legal notice - Corpore Ibiza<\/title>\n<meta name=\"robots\" content=\"index, follow, max-snippet:-1, max-image-preview:large, max-video-preview:-1\" \/>\n<link rel=\"canonical\" href=\"https:\/\/www.corporeibiza.com\/en\/legal-notice\/\" \/>\n<meta property=\"og:locale\" content=\"en_US\" \/>\n<meta property=\"og:type\" content=\"article\" \/>\n<meta property=\"og:title\" content=\"Legal notice - Corpore Ibiza\" \/>\n<meta property=\"og:description\" content=\"[vc_row][vc_column width=&#8221;5\/6&#8243;][vc_column_text]OBJETO: La presente p\u00e1gina Web ha sido dise\u00f1ada para dar a conocer los servicios ofertados por la entidad &#8220;Llorens y Laguna C.B.&#8221;, CIF E-57655037, Paseo de la Paz, n\u00ba 4, de Santa Eulalia del Rio, provincia de Baleares, con C\u00f3digo Postal 07840, Espa\u00f1a; as\u00ed como para la recepci\u00f3n de posibles clientes, contactos comerciales y&hellip;\" \/>\n<meta property=\"og:url\" content=\"https:\/\/www.corporeibiza.com\/en\/legal-notice\/\" \/>\n<meta property=\"og:site_name\" content=\"Corpore Ibiza\" \/>\n<meta property=\"article:modified_time\" content=\"2020-08-03T14:45:57+00:00\" \/>\n<meta property=\"og:image\" content=\"https:\/\/www.corporeibiza.com\/wp-content\/uploads\/2022\/05\/CORPORE_logo-fondo-transparente-e1651773518863.png\" \/>\n\t<meta property=\"og:image:width\" content=\"200\" \/>\n\t<meta property=\"og:image:height\" content=\"87\" \/>\n\t<meta property=\"og:image:type\" content=\"image\/png\" \/>\n<meta name=\"twitter:card\" content=\"summary_large_image\" \/>\n<meta name=\"twitter:label1\" content=\"Est. reading time\" \/>\n\t<meta name=\"twitter:data1\" content=\"5 minutes\" \/>\n<script type=\"application\/ld+json\" class=\"yoast-schema-graph\">{\"@context\":\"https:\\\/\\\/schema.org\",\"@graph\":[{\"@type\":\"Article\",\"@id\":\"https:\\\/\\\/www.corporeibiza.com\\\/en\\\/legal-notice\\\/#article\",\"isPartOf\":{\"@id\":\"https:\\\/\\\/www.corporeibiza.com\\\/en\\\/legal-notice\\\/\"},\"author\":{\"name\":\"val\",\"@id\":\"https:\\\/\\\/www.corporeibiza.com\\\/#\\\/schema\\\/person\\\/d0a4a7b972cd1949b1e07f7f0dca0972\"},\"headline\":\"Legal notice\",\"datePublished\":\"2017-10-24T16:25:42+00:00\",\"dateModified\":\"2020-08-03T14:45:57+00:00\",\"mainEntityOfPage\":{\"@id\":\"https:\\\/\\\/www.corporeibiza.com\\\/en\\\/legal-notice\\\/\"},\"wordCount\":1061,\"inLanguage\":\"en-US\"},{\"@type\":\"WebPage\",\"@id\":\"https:\\\/\\\/www.corporeibiza.com\\\/en\\\/legal-notice\\\/\",\"url\":\"https:\\\/\\\/www.corporeibiza.com\\\/en\\\/legal-notice\\\/\",\"name\":\"Legal notice - Corpore Ibiza\",\"isPartOf\":{\"@id\":\"https:\\\/\\\/www.corporeibiza.com\\\/#website\"},\"datePublished\":\"2017-10-24T16:25:42+00:00\",\"dateModified\":\"2020-08-03T14:45:57+00:00\",\"breadcrumb\":{\"@id\":\"https:\\\/\\\/www.corporeibiza.com\\\/en\\\/legal-notice\\\/#breadcrumb\"},\"inLanguage\":\"en-US\",\"potentialAction\":[{\"@type\":\"ReadAction\",\"target\":[\"https:\\\/\\\/www.corporeibiza.com\\\/en\\\/legal-notice\\\/\"]}]},{\"@type\":\"BreadcrumbList\",\"@id\":\"https:\\\/\\\/www.corporeibiza.com\\\/en\\\/legal-notice\\\/#breadcrumb\",\"itemListElement\":[{\"@type\":\"ListItem\",\"position\":1,\"name\":\"Portada\",\"item\":\"https:\\\/\\\/www.corporeibiza.com\\\/en\\\/\"},{\"@type\":\"ListItem\",\"position\":2,\"name\":\"Legal notice\"}]},{\"@type\":\"WebSite\",\"@id\":\"https:\\\/\\\/www.corporeibiza.com\\\/#website\",\"url\":\"https:\\\/\\\/www.corporeibiza.com\\\/\",\"name\":\"Corpore Ibiza\",\"description\":\"\",\"potentialAction\":[{\"@type\":\"SearchAction\",\"target\":{\"@type\":\"EntryPoint\",\"urlTemplate\":\"https:\\\/\\\/www.corporeibiza.com\\\/?s={search_term_string}\"},\"query-input\":{\"@type\":\"PropertyValueSpecification\",\"valueRequired\":true,\"valueName\":\"search_term_string\"}}],\"inLanguage\":\"en-US\"},{\"@type\":\"Person\",\"@id\":\"https:\\\/\\\/www.corporeibiza.com\\\/#\\\/schema\\\/person\\\/d0a4a7b972cd1949b1e07f7f0dca0972\",\"name\":\"val\",\"image\":{\"@type\":\"ImageObject\",\"inLanguage\":\"en-US\",\"@id\":\"https:\\\/\\\/secure.gravatar.com\\\/avatar\\\/b11c7569c73557aa4c3fc04e1b5c769685daf85f5d0dbc6273db7e3e37009188?s=96&d=mm&r=g\",\"url\":\"https:\\\/\\\/secure.gravatar.com\\\/avatar\\\/b11c7569c73557aa4c3fc04e1b5c769685daf85f5d0dbc6273db7e3e37009188?s=96&d=mm&r=g\",\"contentUrl\":\"https:\\\/\\\/secure.gravatar.com\\\/avatar\\\/b11c7569c73557aa4c3fc04e1b5c769685daf85f5d0dbc6273db7e3e37009188?s=96&d=mm&r=g\",\"caption\":\"val\"},\"url\":\"https:\\\/\\\/www.corporeibiza.com\\\/en\\\/author\\\/val\\\/\"}]}<\/script>\n<!-- \/ Yoast SEO plugin. -->","yoast_head_json":{"title":"Legal notice - Corpore Ibiza","robots":{"index":"index","follow":"follow","max-snippet":"max-snippet:-1","max-image-preview":"max-image-preview:large","max-video-preview":"max-video-preview:-1"},"canonical":"https:\/\/www.corporeibiza.com\/en\/legal-notice\/","og_locale":"en_US","og_type":"article","og_title":"Legal notice - Corpore Ibiza","og_description":"[vc_row][vc_column width=&#8221;5\/6&#8243;][vc_column_text]OBJETO: La presente p\u00e1gina Web ha sido dise\u00f1ada para dar a conocer los servicios ofertados por la entidad &#8220;Llorens y Laguna C.B.&#8221;, CIF E-57655037, Paseo de la Paz, n\u00ba 4, de Santa Eulalia del Rio, provincia de Baleares, con C\u00f3digo Postal 07840, Espa\u00f1a; as\u00ed como para la recepci\u00f3n de posibles clientes, contactos comerciales y&hellip;","og_url":"https:\/\/www.corporeibiza.com\/en\/legal-notice\/","og_site_name":"Corpore Ibiza","article_modified_time":"2020-08-03T14:45:57+00:00","og_image":[{"width":200,"height":87,"url":"https:\/\/www.corporeibiza.com\/wp-content\/uploads\/2022\/05\/CORPORE_logo-fondo-transparente-e1651773518863.png","type":"image\/png"}],"twitter_card":"summary_large_image","twitter_misc":{"Est. reading time":"5 minutes"},"schema":{"@context":"https:\/\/schema.org","@graph":[{"@type":"Article","@id":"https:\/\/www.corporeibiza.com\/en\/legal-notice\/#article","isPartOf":{"@id":"https:\/\/www.corporeibiza.com\/en\/legal-notice\/"},"author":{"name":"val","@id":"https:\/\/www.corporeibiza.com\/#\/schema\/person\/d0a4a7b972cd1949b1e07f7f0dca0972"},"headline":"Legal notice","datePublished":"2017-10-24T16:25:42+00:00","dateModified":"2020-08-03T14:45:57+00:00","mainEntityOfPage":{"@id":"https:\/\/www.corporeibiza.com\/en\/legal-notice\/"},"wordCount":1061,"inLanguage":"en-US"},{"@type":"WebPage","@id":"https:\/\/www.corporeibiza.com\/en\/legal-notice\/","url":"https:\/\/www.corporeibiza.com\/en\/legal-notice\/","name":"Legal notice - Corpore Ibiza","isPartOf":{"@id":"https:\/\/www.corporeibiza.com\/#website"},"datePublished":"2017-10-24T16:25:42+00:00","dateModified":"2020-08-03T14:45:57+00:00","breadcrumb":{"@id":"https:\/\/www.corporeibiza.com\/en\/legal-notice\/#breadcrumb"},"inLanguage":"en-US","potentialAction":[{"@type":"ReadAction","target":["https:\/\/www.corporeibiza.com\/en\/legal-notice\/"]}]},{"@type":"BreadcrumbList","@id":"https:\/\/www.corporeibiza.com\/en\/legal-notice\/#breadcrumb","itemListElement":[{"@type":"ListItem","position":1,"name":"Portada","item":"https:\/\/www.corporeibiza.com\/en\/"},{"@type":"ListItem","position":2,"name":"Legal notice"}]},{"@type":"WebSite","@id":"https:\/\/www.corporeibiza.com\/#website","url":"https:\/\/www.corporeibiza.com\/","name":"Corpore Ibiza","description":"","potentialAction":[{"@type":"SearchAction","target":{"@type":"EntryPoint","urlTemplate":"https:\/\/www.corporeibiza.com\/?s={search_term_string}"},"query-input":{"@type":"PropertyValueSpecification","valueRequired":true,"valueName":"search_term_string"}}],"inLanguage":"en-US"},{"@type":"Person","@id":"https:\/\/www.corporeibiza.com\/#\/schema\/person\/d0a4a7b972cd1949b1e07f7f0dca0972","name":"val","image":{"@type":"ImageObject","inLanguage":"en-US","@id":"https:\/\/secure.gravatar.com\/avatar\/b11c7569c73557aa4c3fc04e1b5c769685daf85f5d0dbc6273db7e3e37009188?s=96&d=mm&r=g","url":"https:\/\/secure.gravatar.com\/avatar\/b11c7569c73557aa4c3fc04e1b5c769685daf85f5d0dbc6273db7e3e37009188?s=96&d=mm&r=g","contentUrl":"https:\/\/secure.gravatar.com\/avatar\/b11c7569c73557aa4c3fc04e1b5c769685daf85f5d0dbc6273db7e3e37009188?s=96&d=mm&r=g","caption":"val"},"url":"https:\/\/www.corporeibiza.com\/en\/author\/val\/"}]}},"_links":{"self":[{"href":"https:\/\/www.corporeibiza.com\/en\/wp-json\/wp\/v2\/pages\/1302","targetHints":{"allow":["GET"]}}],"collection":[{"href":"https:\/\/www.corporeibiza.com\/en\/wp-json\/wp\/v2\/pages"}],"about":[{"href":"https:\/\/www.corporeibiza.com\/en\/wp-json\/wp\/v2\/types\/page"}],"author":[{"embeddable":true,"href":"https:\/\/www.corporeibiza.com\/en\/wp-json\/wp\/v2\/users\/1"}],"replies":[{"embeddable":true,"href":"https:\/\/www.corporeibiza.com\/en\/wp-json\/wp\/v2\/comments?post=1302"}],"version-history":[{"count":0,"href":"https:\/\/www.corporeibiza.com\/en\/wp-json\/wp\/v2\/pages\/1302\/revisions"}],"wp:attachment":[{"href":"https:\/\/www.corporeibiza.com\/en\/wp-json\/wp\/v2\/media?parent=1302"}],"curies":[{"name":"wp","href":"https:\/\/api.w.org\/{rel}","templated":true}]}}